{"id":2422,"date":"2018-11-27T23:55:18","date_gmt":"2018-11-27T22:55:18","guid":{"rendered":"https:\/\/lesfargues.com\/?page_id=2422"},"modified":"2021-03-27T05:51:06","modified_gmt":"2021-03-27T04:51:06","slug":"reach-us","status":"publish","type":"page","link":"https:\/\/lesfargues.com\/en\/reach-us\/","title":{"rendered":"Access"},"content":{"rendered":"<!--themify_builder_content-->\n<div id=\"themify_builder_content-2422\" data-postid=\"2422\" class=\"themify_builder_content themify_builder_content-2422 themify_builder tf_clear\">\n                    <div  data-css_id=\"9f2e304\" data-lazy=\"1\" class=\"module_row themify_builder_row fullwidth tb_9f2e304 tb_first tf_w\">\n                        <div class=\"row_inner col_align_top tb_col_count_1 tf_box tf_rel\">\n                        <div  data-lazy=\"1\" class=\"module_column tb-column col-full tb_0686e6b first\">\n                    <div  class=\"module themify_builder_slider_wrap tf_clearfix module-slider tb_78c73e3  slider-overlay  slide-image-fullwidth\" data-lazy=\"1\">\n        <div class=\"themify_builder_slider tf_carousel tf_swiper-container tf_rel tf_overflow\" data-lazy=\"1\"        data-visible=\"1\"\n        data-tab-visible=\"\"\n        data-mob-visible=\"1\"\n        data-scroll=\"1\"\n                        data-speed=\"normal\"\n        data-wrapvar=\"1\"\n        data-slider_nav=\"0\"\n        data-pager=\"0\"\n        data-effect=\"scroll\" \n        data-height=\"auto\"\n        data-css_url=\"https:\/\/lesfargues.com\/wp-content\/themes\/themify-ultra\/themify\/themify-builder\/css\/modules\/sliders\/carousel,https:\/\/lesfargues.com\/wp-content\/themes\/themify-ultra\/themify\/themify-builder\/css\/modules\/sliders\/slider\"\n                    >\n        <div class=\"tf_swiper-wrapper tf_lazy tf_rel tf_w tf_h tf_textc\">\n                         <div class=\"tf_swiper-slide\">            <div class=\"slide-inner-wrap\">\n                                    <div class=\"tf_rel tf_lazy slide-image\">\n                                                                            <img src=\"data:image\/svg+xml,%3Csvg%20xmlns=%27http:\/\/www.w3.org\/2000\/svg%27%20width='1024'%20height='293'%20viewBox=%270%200%201024%20293%27%3E%3C\/svg%3E\" loading=\"lazy\" data-lazy=\"1\" data-tf-not-load=\"1\" style=\"background:linear-gradient(to right,#4aa0dd 25%,#4fa0df 25% 50%,#5aaeee 50% 75%,#5fbcf7 75%),linear-gradient(to right,#253413 25%,#9bcae6 25% 50%,#5a7b80 50% 75%,#c8efff 75%),linear-gradient(to right,#abae00 25%,#c0b51d 25% 50%,#a08b00 50% 75%,#ab8f00 75%),linear-gradient(to right,#26430d 25%,#426100 25% 50%,#d2c61c 50% 75%,#566c24 75%)\" decoding=\"async\" data-tf-src=\"https:\/\/lesfargues.com\/wp-content\/uploads\/2018\/11\/Banner_access_lgt-1024x293.jpg\" width=\"360\" height=\"200\" class=\"tf_svg_lazy wp-post-image wp-image-2299\" title=\"Banner_access_lgt\" alt=\"Banner_access_lgt\"><noscript><img loading=\"lazy\" decoding=\"async\" data-tf-not-load data-no-script src=\"https:\/\/lesfargues.com\/wp-content\/uploads\/2018\/11\/Banner_access_lgt-1024x293.jpg\" width=\"360\" height=\"200\" class=\"wp-post-image wp-image-2299\" title=\"Banner_access_lgt\" alt=\"Banner_access_lgt\"><\/noscript>                                            <\/div>\n                \n                            <\/div>\n        <\/div>            <\/div>\n    <\/div>\n<\/div>\n        <\/div>\n                        <\/div>\n        <\/div>\n                        <div  data-lazy=\"1\" class=\"module_row themify_builder_row title_page tb_68608a2 tf_w\">\n                        <div class=\"row_inner col_align_top tb_col_count_1 tf_box tf_rel\">\n                        <div  data-lazy=\"1\" class=\"module_column tb-column col-full tb_0e9013b first\">\n                    <!-- module text -->\n<div  class=\"module module-text tb_8246983  repeat \" data-lazy=\"1\">\n        <div  class=\"tb_text_wrap\">\n        <h1>Access<\/h1>    <\/div>\n<\/div>\n<!-- \/module text -->        <\/div>\n                        <\/div>\n        <\/div>\n                        <div  data-lazy=\"1\" class=\"module_row themify_builder_row arrived_detail tb_6453867 tf_w\">\n                        <div class=\"row_inner col_align_top tb_col_count_1 tf_box tf_rel\">\n                        <div  data-lazy=\"1\" class=\"module_column tb-column col-full tb_3394276 first\">\n                    <!-- module text -->\n<div  class=\"module module-text tb_b2e43b0  repeat \" data-lazy=\"1\">\n        <div  class=\"tb_text_wrap\">\n        <h3>Getting Here<\/h3>    <\/div>\n<\/div>\n<!-- \/module text --><!-- module maps pro -->\n<div  id=\"tb_8379651\" class=\"module module-maps-pro tb_8379651  tf_lazy\" data-zoom=\"17\" data-type=\"HYBRID\" data-address=\"les fargues, France\" data-scrollwheel=\"1\" data-draggable=\"enable\" data-disable_map_ui=\"\" data-polyline=\"\" data-geodesic=\"\" data-polylineStroke=\"2\" data-polylineColor=\"ff0000\" data-trigger=\"\" data-mapid=\"\" data-style_map=\"apple-maps-esque\" data-legacymarkers=\"\" data-lazy=\"1\">\n\t\n\t\t\t<div class=\"maps-pro-canvas-container\">\n\t\t\t<div class=\"maps-pro-canvas\" style=\"width:100%;height:275px\"><\/div>\n\t\t<\/div>\n\t\t\t\t\t<template>\n\t\t\t\t\t\t\t\t\t<div data-address=\"44.920826,0.7837019999999484\" data-image=\"\">\n\t\t\t\t\t\tLe Domaine des Fargues\t\t\t\t\t<\/div>\n\t\t\t\t\t\t\t<\/template>\n\t\t\t\t\n\t<\/div>\n<!-- \/module maps pro -->        <div  data-lazy=\"1\" class=\"module_subrow themify_builder_sub_row tf_w gutter-none col_align_top tb_col_count_3 tb_eb6ad0c\">\n                <div  data-lazy=\"1\" class=\"module_column sub_column col3-1 tb_7295893 first\">\n                    <!-- module text -->\n<div  class=\"module module-text tb_17a3b5b acces_detail repeat \" data-lazy=\"1\">\n        <div  class=\"tb_text_wrap\">\n        <p>[themify_icon icon=&#8221;fa-plane&#8221; link=&#8221;&#8221;]by <strong>airplane<\/strong>&#8230;<\/p><p><strong>Several companies<\/strong> provide scheduled direct flights to the Bergerac and Bordeaux airport, respectively a 30 min and 1h45 drive from the Domaine des Fargues.<\/p>    <\/div>\n<\/div>\n<!-- \/module text -->        <\/div>\n                    <div  data-lazy=\"1\" class=\"module_column sub_column col3-1 tb_6ebf008\">\n                    <!-- module text -->\n<div  class=\"module module-text tb_15la525 acces_detail repeat \" data-lazy=\"1\">\n        <div  class=\"tb_text_wrap\">\n        <p>[themify_icon icon=&#8221;fa-train&#8221; link=&#8221;&#8221;]by\u00a0<strong>train\/TGV<\/strong>&#8230;<\/p><p>Until Bordeaux, then Bergerac (the station is a 30 min drive from the Domaine des Fargues).<\/p><p>&gt; <a href=\"http:\/\/www.sncf.com\">SNCF.com<\/a><\/p>    <\/div>\n<\/div>\n<!-- \/module text -->        <\/div>\n                    <div  data-lazy=\"1\" class=\"module_column sub_column col3-1 tb_cc87572 last\">\n                    <!-- module text -->\n<div  class=\"module module-text tb_5os2990 acces_detail repeat \" data-lazy=\"1\">\n        <div  class=\"tb_text_wrap\">\n        <p>[themify_icon icon=&#8221;fa-car&#8221; link=&#8221;&#8221;]by <strong>car<\/strong>&#8230;<\/p><p>Calculate your itinerary <strong><a href=\"https:\/\/www.google.be\/maps\/place\/Le+Domaine+des+Fargues\/@44.9135901,0.7740835,13z\/data=!4m18!1m12!4m11!1m3!2m2!1d0.7842115!2d44.9225245!1m6!1m2!1s0x12ab3186561eda87:0x62dbde2a8a5486bd!2sle+domaines+des+fargues!2m2!1d0.784428!2d44.92051!3m4!1s0x12ab3186561eda87:0x62dbde2a8a5486bd!8m2!3d44.92051!4d0.784428\" target=\"_blank\" rel=\"noopener\">here<\/a>.<\/strong><\/p>    <\/div>\n<\/div>\n<!-- \/module text -->        <\/div>\n                    <\/div>\n                <\/div>\n                        <\/div>\n        <\/div>\n                        <div  data-lazy=\"1\" class=\"module_row themify_builder_row arrived_detail tb_590eb2d tf_w\">\n                        <div class=\"row_inner col_align_top tb_col_count_1 tf_box tf_rel\">\n                        <div  data-lazy=\"1\" class=\"module_column tb-column col-full tb_f1e8364 first\">\n                    <!-- module text -->\n<div  class=\"module module-text tb_g9s8009  repeat \" data-lazy=\"1\">\n        <div  class=\"tb_text_wrap\">\n        <h3>Once there&#8230;<\/h3>    <\/div>\n<\/div>\n<!-- \/module text --><!-- module text -->\n<div  class=\"module module-text tb_cmmy000 arrived_detail repeat \" data-lazy=\"1\">\n        <div  class=\"tb_text_wrap\">\n        <h4>Local Stores<\/h4><p>In Sainte-Alv\u00e8re (6 km), you will find a grocery store, two bakeries, a bar-tabacco-press, a butcher, a post office, a couple of restaurants, a petrol station, and a bank as well as a bankomat.<\/p><h4>Supermarkets<\/h4><ul><li>In Bugue (15 km): Intermarch\u00e9, Aldi, several local stores.<\/li><li>In Lalinde (14 km): Intermarch\u00e9 and shops in the pedestrian street.<\/li><li>In Bergerac (25 km): has the most choice including 2 hypermarkets.<\/li><\/ul>    <\/div>\n<\/div>\n<!-- \/module text --><!-- module text -->\n<div  class=\"module module-text tb_kg6q690 arrived_detail repeat \" data-lazy=\"1\">\n        <div  class=\"tb_text_wrap\">\n        <h4><span lang=\"EN-GB\">Weekly markets (mornings)<\/span><\/h4><ul><li>Sainte-Alv\u00e8re : on Monday.<\/li><li>Le Bugue: on Tuesday.<\/li><li>Lalinde: on Thursday.<\/li><li>Bergerac: on Wednesday and Saturday.<\/li><li>Tr\u00e9molat: on Tuesday.<\/li><li>P\u00e9rigueux: every day.<\/li><li>Upon arrival, you will find a list in your house with all the local produce markets.<\/li><\/ul>    <\/div>\n<\/div>\n<!-- \/module text --><!-- module text -->\n<div  class=\"module module-text tb_06d6f42 arrived_detail repeat \" data-lazy=\"1\">\n        <div  class=\"tb_text_wrap\">\n        <h4><span lang=\"EN-GB\">Doctors, pharmacies, dentists<\/span>\u2026<\/h4><ul><li>In Sainte-Alv\u00e8re (6 km), you will find a medical centre (doctor, dentist, physiotherapist) and a pharmacy.<\/li><li>A detailed list with all the useful numbers will be available to you in your house.<\/li><\/ul><p>NB: Bergerac (25 km) and P\u00e9rigueux (40 km) both have a hospital that is easily accessible.<\/p>    <\/div>\n<\/div>\n<!-- \/module text -->        <\/div>\n                        <\/div>\n        <\/div>\n                        <div  data-lazy=\"1\" class=\"module_row themify_builder_row arrived_detail tb_htdh000 tf_w\">\n                        <div class=\"row_inner col_align_top tb_col_count_1 tf_box tf_rel\">\n                        <div  data-lazy=\"1\" class=\"module_column tb-column col-full tb_kvbv409 first\">\n                    <!-- module text -->\n<div  class=\"module module-text tb_4epb000  repeat \" data-lazy=\"1\">\n        <div  class=\"tb_text_wrap\">\n        <h3>For any other information&#8230;<\/h3>    <\/div>\n<\/div>\n<!-- \/module text --><!-- module text -->\n<div  class=\"module module-text tb_oaye995 arrived_detail repeat \" data-lazy=\"1\">\n        <div  class=\"tb_text_wrap\">\n        <p><span lang=\"EN-GB\">Contact us by <a href=\"tel:+32 495 30 53 51\">telephone<\/a> or by <a href=\"mailto:info@lesfargues.com\">email<\/a>. We will get back to you as soon as possible.<\/span><\/p>    <\/div>\n<\/div>\n<!-- \/module text -->        <\/div>\n                        <\/div>\n        <\/div>\n        <\/div>\n<!--\/themify_builder_content-->","protected":false},"excerpt":{"rendered":"<p>Access Getting Here Le Domaine des Fargues [themify_icon icon=&#8221;fa-plane&#8221; link=&#8221;&#8221;]by airplane&#8230; Several companies provide scheduled direct flights to the Bergerac and Bordeaux airport, respectively a 30 min and 1h45 drive from the Domaine des Fargues. [themify_icon icon=&#8221;fa-train&#8221; link=&#8221;&#8221;]by\u00a0train\/TGV&#8230; Until Bordeaux, then Bergerac (the station is a 30 min drive from the Domaine des Fargues). &gt; [&hellip;]<\/p>\n","protected":false},"author":1,"featured_media":0,"parent":0,"menu_order":0,"comment_status":"closed","ping_status":"closed","template":"","meta":{"_coblocks_attr":"","_coblocks_dimensions":"","_coblocks_responsive_height":"","_coblocks_accordion_ie_support":"","_crdt_document":"","inline_featured_image":false,"_monsterinsights_skip_tracking":false,"_monsterinsights_sitenote_active":false,"_monsterinsights_sitenote_note":"","_monsterinsights_sitenote_category":0,"footnotes":""},"class_list":["post-2422","page","type-page","status-publish","hentry","has-post-title","has-post-date","has-post-category","has-post-tag","has-post-comment","has-post-author",""],"yoast_head":"<!-- This site is optimized with the Yoast SEO plugin v27.3 - https:\/\/yoast.com\/product\/yoast-seo-wordpress\/ -->\n<title>Access - Le Domaine des Fargues<\/title>\n<meta name=\"robots\" content=\"index, follow, max-snippet:-1, max-image-preview:large, max-video-preview:-1\" \/>\n<link rel=\"canonical\" href=\"https:\/\/lesfargues.com\/en\/reach-us\/\" \/>\n<meta property=\"og:locale\" content=\"en_US\" \/>\n<meta property=\"og:type\" content=\"article\" \/>\n<meta property=\"og:title\" content=\"Access - Le Domaine des Fargues\" \/>\n<meta property=\"og:description\" content=\"Access Getting Here Le Domaine des Fargues [themify_icon icon=&#8221;fa-plane&#8221; link=&#8221;&#8221;]by airplane&#8230; Several companies provide scheduled direct flights to the Bergerac and Bordeaux airport, respectively a 30 min and 1h45 drive from the Domaine des Fargues. [themify_icon icon=&#8221;fa-train&#8221; link=&#8221;&#8221;]by\u00a0train\/TGV&#8230; Until Bordeaux, then Bergerac (the station is a 30 min drive from the Domaine des Fargues). &gt; [&hellip;]\" \/>\n<meta property=\"og:url\" content=\"https:\/\/lesfargues.com\/en\/reach-us\/\" \/>\n<meta property=\"og:site_name\" content=\"Le Domaine des Fargues\" \/>\n<meta property=\"article:modified_time\" content=\"2021-03-27T04:51:06+00:00\" \/>\n<meta property=\"og:image\" content=\"https:\/\/lesfargues.com\/wp-content\/uploads\/2018\/11\/Banner_access_lgt-1024x293.jpg\" \/>\n<meta name=\"twitter:card\" content=\"summary_large_image\" \/>\n<meta name=\"twitter:label1\" content=\"Est. reading time\" \/>\n\t<meta name=\"twitter:data1\" content=\"1 minute\" \/>\n<script type=\"application\/ld+json\" class=\"yoast-schema-graph\">{\"@context\":\"https:\\\/\\\/schema.org\",\"@graph\":[{\"@type\":\"WebPage\",\"@id\":\"https:\\\/\\\/lesfargues.com\\\/en\\\/reach-us\\\/\",\"url\":\"https:\\\/\\\/lesfargues.com\\\/en\\\/reach-us\\\/\",\"name\":\"Access - Le Domaine des Fargues\",\"isPartOf\":{\"@id\":\"https:\\\/\\\/lesfargues.com\\\/#website\"},\"primaryImageOfPage\":{\"@id\":\"https:\\\/\\\/lesfargues.com\\\/en\\\/reach-us\\\/#primaryimage\"},\"image\":{\"@id\":\"https:\\\/\\\/lesfargues.com\\\/en\\\/reach-us\\\/#primaryimage\"},\"thumbnailUrl\":\"https:\\\/\\\/lesfargues.com\\\/wp-content\\\/uploads\\\/2018\\\/11\\\/Banner_access_lgt-1024x293.jpg\",\"datePublished\":\"2018-11-27T22:55:18+00:00\",\"dateModified\":\"2021-03-27T04:51:06+00:00\",\"breadcrumb\":{\"@id\":\"https:\\\/\\\/lesfargues.com\\\/en\\\/reach-us\\\/#breadcrumb\"},\"inLanguage\":\"en-US\",\"potentialAction\":[{\"@type\":\"ReadAction\",\"target\":[\"https:\\\/\\\/lesfargues.com\\\/en\\\/reach-us\\\/\"]}]},{\"@type\":\"ImageObject\",\"inLanguage\":\"en-US\",\"@id\":\"https:\\\/\\\/lesfargues.com\\\/en\\\/reach-us\\\/#primaryimage\",\"url\":\"https:\\\/\\\/lesfargues.com\\\/wp-content\\\/uploads\\\/2018\\\/11\\\/Banner_access_lgt-1024x293.jpg\",\"contentUrl\":\"https:\\\/\\\/lesfargues.com\\\/wp-content\\\/uploads\\\/2018\\\/11\\\/Banner_access_lgt-1024x293.jpg\"},{\"@type\":\"BreadcrumbList\",\"@id\":\"https:\\\/\\\/lesfargues.com\\\/en\\\/reach-us\\\/#breadcrumb\",\"itemListElement\":[{\"@type\":\"ListItem\",\"position\":1,\"name\":\"Accueil\",\"item\":\"https:\\\/\\\/lesfargues.com\\\/en\\\/\"},{\"@type\":\"ListItem\",\"position\":2,\"name\":\"Access\"}]},{\"@type\":\"WebSite\",\"@id\":\"https:\\\/\\\/lesfargues.com\\\/#website\",\"url\":\"https:\\\/\\\/lesfargues.com\\\/\",\"name\":\"Le Domaine des Fargues\",\"description\":\"La s\u00e9r\u00e9nit\u00e9 d&#039;un s\u00e9jour hors du temps.\",\"publisher\":{\"@id\":\"https:\\\/\\\/lesfargues.com\\\/#organization\"},\"potentialAction\":[{\"@type\":\"SearchAction\",\"target\":{\"@type\":\"EntryPoint\",\"urlTemplate\":\"https:\\\/\\\/lesfargues.com\\\/?s={search_term_string}\"},\"query-input\":{\"@type\":\"PropertyValueSpecification\",\"valueRequired\":true,\"valueName\":\"search_term_string\"}}],\"inLanguage\":\"en-US\"},{\"@type\":\"Organization\",\"@id\":\"https:\\\/\\\/lesfargues.com\\\/#organization\",\"name\":\"Le Domaine des Fargues\",\"url\":\"https:\\\/\\\/lesfargues.com\\\/\",\"logo\":{\"@type\":\"ImageObject\",\"inLanguage\":\"en-US\",\"@id\":\"https:\\\/\\\/lesfargues.com\\\/#\\\/schema\\\/logo\\\/image\\\/\",\"url\":\"https:\\\/\\\/lesfargues.com\\\/wp-content\\\/uploads\\\/2018\\\/12\\\/cropped-LesFargues_Picto-1-1.png\",\"contentUrl\":\"https:\\\/\\\/lesfargues.com\\\/wp-content\\\/uploads\\\/2018\\\/12\\\/cropped-LesFargues_Picto-1-1.png\",\"width\":512,\"height\":512,\"caption\":\"Le Domaine des Fargues\"},\"image\":{\"@id\":\"https:\\\/\\\/lesfargues.com\\\/#\\\/schema\\\/logo\\\/image\\\/\"}}]}<\/script>\n<!-- \/ Yoast SEO plugin. -->","yoast_head_json":{"title":"Access - Le Domaine des Fargues","robots":{"index":"index","follow":"follow","max-snippet":"max-snippet:-1","max-image-preview":"max-image-preview:large","max-video-preview":"max-video-preview:-1"},"canonical":"https:\/\/lesfargues.com\/en\/reach-us\/","og_locale":"en_US","og_type":"article","og_title":"Access - Le Domaine des Fargues","og_description":"Access Getting Here Le Domaine des Fargues [themify_icon icon=&#8221;fa-plane&#8221; link=&#8221;&#8221;]by airplane&#8230; Several companies provide scheduled direct flights to the Bergerac and Bordeaux airport, respectively a 30 min and 1h45 drive from the Domaine des Fargues. [themify_icon icon=&#8221;fa-train&#8221; link=&#8221;&#8221;]by\u00a0train\/TGV&#8230; Until Bordeaux, then Bergerac (the station is a 30 min drive from the Domaine des Fargues). &gt; [&hellip;]","og_url":"https:\/\/lesfargues.com\/en\/reach-us\/","og_site_name":"Le Domaine des Fargues","article_modified_time":"2021-03-27T04:51:06+00:00","og_image":[{"url":"https:\/\/lesfargues.com\/wp-content\/uploads\/2018\/11\/Banner_access_lgt-1024x293.jpg","type":"","width":"","height":""}],"twitter_card":"summary_large_image","twitter_misc":{"Est. reading time":"1 minute"},"schema":{"@context":"https:\/\/schema.org","@graph":[{"@type":"WebPage","@id":"https:\/\/lesfargues.com\/en\/reach-us\/","url":"https:\/\/lesfargues.com\/en\/reach-us\/","name":"Access - Le Domaine des Fargues","isPartOf":{"@id":"https:\/\/lesfargues.com\/#website"},"primaryImageOfPage":{"@id":"https:\/\/lesfargues.com\/en\/reach-us\/#primaryimage"},"image":{"@id":"https:\/\/lesfargues.com\/en\/reach-us\/#primaryimage"},"thumbnailUrl":"https:\/\/lesfargues.com\/wp-content\/uploads\/2018\/11\/Banner_access_lgt-1024x293.jpg","datePublished":"2018-11-27T22:55:18+00:00","dateModified":"2021-03-27T04:51:06+00:00","breadcrumb":{"@id":"https:\/\/lesfargues.com\/en\/reach-us\/#breadcrumb"},"inLanguage":"en-US","potentialAction":[{"@type":"ReadAction","target":["https:\/\/lesfargues.com\/en\/reach-us\/"]}]},{"@type":"ImageObject","inLanguage":"en-US","@id":"https:\/\/lesfargues.com\/en\/reach-us\/#primaryimage","url":"https:\/\/lesfargues.com\/wp-content\/uploads\/2018\/11\/Banner_access_lgt-1024x293.jpg","contentUrl":"https:\/\/lesfargues.com\/wp-content\/uploads\/2018\/11\/Banner_access_lgt-1024x293.jpg"},{"@type":"BreadcrumbList","@id":"https:\/\/lesfargues.com\/en\/reach-us\/#breadcrumb","itemListElement":[{"@type":"ListItem","position":1,"name":"Accueil","item":"https:\/\/lesfargues.com\/en\/"},{"@type":"ListItem","position":2,"name":"Access"}]},{"@type":"WebSite","@id":"https:\/\/lesfargues.com\/#website","url":"https:\/\/lesfargues.com\/","name":"Le Domaine des Fargues","description":"La s\u00e9r\u00e9nit\u00e9 d&#039;un s\u00e9jour hors du temps.","publisher":{"@id":"https:\/\/lesfargues.com\/#organization"},"potentialAction":[{"@type":"SearchAction","target":{"@type":"EntryPoint","urlTemplate":"https:\/\/lesfargues.com\/?s={search_term_string}"},"query-input":{"@type":"PropertyValueSpecification","valueRequired":true,"valueName":"search_term_string"}}],"inLanguage":"en-US"},{"@type":"Organization","@id":"https:\/\/lesfargues.com\/#organization","name":"Le Domaine des Fargues","url":"https:\/\/lesfargues.com\/","logo":{"@type":"ImageObject","inLanguage":"en-US","@id":"https:\/\/lesfargues.com\/#\/schema\/logo\/image\/","url":"https:\/\/lesfargues.com\/wp-content\/uploads\/2018\/12\/cropped-LesFargues_Picto-1-1.png","contentUrl":"https:\/\/lesfargues.com\/wp-content\/uploads\/2018\/12\/cropped-LesFargues_Picto-1-1.png","width":512,"height":512,"caption":"Le Domaine des Fargues"},"image":{"@id":"https:\/\/lesfargues.com\/#\/schema\/logo\/image\/"}}]}},"jetpack_sharing_enabled":false,"builder_content":"<img src=\"data:image\/svg+xml,%3Csvg%20xmlns=%27http:\/\/www.w3.org\/2000\/svg%27%20width='1024'%20height='293'%20viewBox=%270%200%201024%20293%27%3E%3C\/svg%3E\" loading=\"lazy\" data-lazy=\"1\" data-tf-not-load=\"1\" style=\"background:linear-gradient(to right,#4aa0dd 25%,#4fa0df 25% 50%,#5aaeee 50% 75%,#5fbcf7 75%),linear-gradient(to right,#253413 25%,#9bcae6 25% 50%,#5a7b80 50% 75%,#c8efff 75%),linear-gradient(to right,#abae00 25%,#c0b51d 25% 50%,#a08b00 50% 75%,#ab8f00 75%),linear-gradient(to right,#26430d 25%,#426100 25% 50%,#d2c61c 50% 75%,#566c24 75%)\" decoding=\"async\" data-tf-src=\"https:\/\/lesfargues.com\/wp-content\/uploads\/2018\/11\/Banner_access_lgt-1024x293.jpg\" width=\"360\" height=\"200\" title=\"Banner_access_lgt\" alt=\"Banner_access_lgt\"><noscript><img data-tf-not-load data-no-script src=\"https:\/\/lesfargues.com\/wp-content\/uploads\/2018\/11\/Banner_access_lgt-1024x293.jpg\" width=\"360\" height=\"200\" title=\"Banner_access_lgt\" alt=\"Banner_access_lgt\"><\/noscript>\n<h1>Access<\/h1>\n<h3>Getting Here<\/h3>\n<template> Le Domaine des Fargues <\/template>\n<p>[themify_icon icon=\"fa-plane\" link=\"\"]by <strong>airplane<\/strong>...<\/p><p><strong>Several companies<\/strong> provide scheduled direct flights to the Bergerac and Bordeaux airport, respectively a 30 min and 1h45 drive from the Domaine des Fargues.<\/p>\n<p>[themify_icon icon=\"fa-train\" link=\"\"]by\u00a0<strong>train\/TGV<\/strong>...<\/p><p>Until Bordeaux, then Bergerac (the station is a 30 min drive from the Domaine des Fargues).<\/p><p>&gt; <a href=\"http:\/\/www.sncf.com\">SNCF.com<\/a><\/p>\n<p>[themify_icon icon=\"fa-car\" link=\"\"]by <strong>car<\/strong>...<\/p><p>Calculate your itinerary <strong><a href=\"https:\/\/www.google.be\/maps\/place\/Le+Domaine+des+Fargues\/@44.9135901,0.7740835,13z\/data=!4m18!1m12!4m11!1m3!2m2!1d0.7842115!2d44.9225245!1m6!1m2!1s0x12ab3186561eda87:0x62dbde2a8a5486bd!2sle+domaines+des+fargues!2m2!1d0.784428!2d44.92051!3m4!1s0x12ab3186561eda87:0x62dbde2a8a5486bd!8m2!3d44.92051!4d0.784428\" target=\"_blank\" rel=\"noopener\">here<\/a>.<\/strong><\/p>\n<h3>Once there...<\/h3>\n<h4>Local Stores<\/h4><p>In Sainte-Alv\u00e8re (6 km), you will find a grocery store, two bakeries, a bar-tabacco-press, a butcher, a post office, a couple of restaurants, a petrol station, and a bank as well as a bankomat.<\/p><h4>Supermarkets<\/h4><ul><li>In Bugue (15 km): Intermarch\u00e9, Aldi, several local stores.<\/li><li>In Lalinde (14 km): Intermarch\u00e9 and shops in the pedestrian street.<\/li><li>In Bergerac (25 km): has the most choice including 2 hypermarkets.<\/li><\/ul>\n<h4>Weekly markets (mornings)<\/h4><ul><li>Sainte-Alv\u00e8re : on Monday.<\/li><li>Le Bugue: on Tuesday.<\/li><li>Lalinde: on Thursday.<\/li><li>Bergerac: on Wednesday and Saturday.<\/li><li>Tr\u00e9molat: on Tuesday.<\/li><li>P\u00e9rigueux: every day.<\/li><li>Upon arrival, you will find a list in your house with all the local produce markets.<\/li><\/ul>\n<h4>Doctors, pharmacies, dentists\u2026<\/h4><ul><li>In Sainte-Alv\u00e8re (6 km), you will find a medical centre (doctor, dentist, physiotherapist) and a pharmacy.<\/li><li>A detailed list with all the useful numbers will be available to you in your house.<\/li><\/ul><p>NB: Bergerac (25 km) and P\u00e9rigueux (40 km) both have a hospital that is easily accessible.<\/p>\n<h3>For any other information...<\/h3>\n<p>Contact us by <a href=\"tel:+32 495 30 53 51\">telephone<\/a> or by <a href=\"mailto:info@lesfargues.com\">email<\/a>. We will get back to you as soon as possible.<\/p>","_links":{"self":[{"href":"https:\/\/lesfargues.com\/en\/wp-json\/wp\/v2\/pages\/2422","targetHints":{"allow":["GET"]}}],"collection":[{"href":"https:\/\/lesfargues.com\/en\/wp-json\/wp\/v2\/pages"}],"about":[{"href":"https:\/\/lesfargues.com\/en\/wp-json\/wp\/v2\/types\/page"}],"author":[{"embeddable":true,"href":"https:\/\/lesfargues.com\/en\/wp-json\/wp\/v2\/users\/1"}],"replies":[{"embeddable":true,"href":"https:\/\/lesfargues.com\/en\/wp-json\/wp\/v2\/comments?post=2422"}],"version-history":[{"count":0,"href":"https:\/\/lesfargues.com\/en\/wp-json\/wp\/v2\/pages\/2422\/revisions"}],"wp:attachment":[{"href":"https:\/\/lesfargues.com\/en\/wp-json\/wp\/v2\/media?parent=2422"}],"curies":[{"name":"wp","href":"https:\/\/api.w.org\/{rel}","templated":true}]}}